{"id":15,"date":"2026-04-21T14:05:07","date_gmt":"2026-04-21T12:05:07","guid":{"rendered":"https:\/\/www.playasancristobal.com\/?page_id=15"},"modified":"2026-04-21T14:05:07","modified_gmt":"2026-04-21T12:05:07","slug":"reembolso_devoluciones","status":"publish","type":"page","link":"https:\/\/www.playasancristobal.com\/?page_id=15","title":{"rendered":"Pol\u00edtica de devoluciones y reembolsos"},"content":{"rendered":"\n<h2 class=\"wp-block-heading\">Informaci\u00f3n general<\/h2>\n\n\n\n<p>En el Hotel Playa San Crist\u00f3bal trabajamos para ofrecer la mejor experiencia a nuestros clientes. Esta pol\u00edtica regula las condiciones de cancelaci\u00f3n, modificaci\u00f3n y posibles reembolsos de las reservas realizadas a trav\u00e9s de nuestra web o por otros canales.<\/p>\n\n\n\n<h2 class=\"wp-block-heading\">Condiciones de cancelaci\u00f3n<\/h2>\n\n\n\n<p>Las condiciones de cancelaci\u00f3n pueden variar en funci\u00f3n del tipo de tarifa o promoci\u00f3n seleccionada en el momento de la reserva.<\/p>\n\n\n\n<ul class=\"wp-block-list\">\n<li><strong>Tarifas flexibles:<\/strong> permiten la cancelaci\u00f3n gratuita hasta una fecha determinada antes de la llegada.<\/li>\n\n\n\n<li><strong>Tarifas no reembolsables:<\/strong> no permiten cancelaciones ni modificaciones, y el importe abonado no ser\u00e1 reembolsado.<\/li>\n<\/ul>\n\n\n\n<p>Se recomienda revisar las condiciones espec\u00edficas indicadas durante el proceso de reserva.<\/p>\n\n\n\n<h3 class=\"wp-block-heading\">Modificaciones de reservas<\/h3>\n\n\n\n<p>Las reservas podr\u00e1n modificarse seg\u00fan disponibilidad y condiciones de la tarifa contratada.<\/p>\n\n\n\n<p>El hotel se reserva el derecho de aplicar posibles diferencias de precio en caso de cambios en fechas, tipo de habitaci\u00f3n o n\u00famero de hu\u00e9spedes.<\/p>\n\n\n\n<h3 class=\"wp-block-heading\">Reembolsos<\/h3>\n\n\n\n<p>Los reembolsos solo se realizar\u00e1n en los siguientes casos:<\/p>\n\n\n\n<ul class=\"wp-block-list\">\n<li>Cancelaciones dentro del plazo permitido en tarifas flexibles<\/li>\n\n\n\n<li>Errores en la gesti\u00f3n de la reserva imputables al hotel<\/li>\n\n\n\n<li>Circunstancias excepcionales debidamente justificadas<\/li>\n<\/ul>\n\n\n\n<p>El plazo de reembolso puede variar en funci\u00f3n del m\u00e9todo de pago utilizado y ser\u00e1 gestionado en un tiempo razonable.<\/p>\n\n\n\n<h2 class=\"wp-block-heading\">No presentaci\u00f3n<\/h2>\n\n\n\n<p>En caso de no presentarse en el hotel sin previo aviso:<\/p>\n\n\n\n<p>No se realizar\u00e1 ning\u00fan reembolso<\/p>\n\n\n\n<p>Se podr\u00e1 cobrar el importe total de la reserva<\/p>\n\n\n\n<h2 class=\"wp-block-heading\">Salida anticipada<\/h2>\n\n\n\n<p>En caso de abandono del alojamiento antes de la fecha prevista:<\/p>\n\n\n\n<p>Se aplicar\u00e1n las condiciones de la tarifa contratada<\/p>\n\n\n\n<p>No se garantiza el reembolso de las noches no disfrutadas<\/p>\n\n\n\n<h2 class=\"wp-block-heading\">Contacto<\/h2>\n\n\n\n<p>Para cualquier consulta relacionada con devoluciones o reembolsos, puedes contactar con nosotros:<\/p>\n\n\n\n<p>\ud83d\udce9 <a>info@playasancristobal.com<\/a><br>\ud83d\udcde (+34) 606 44 00 40<\/p>\n","protected":false},"excerpt":{"rendered":"<p>Informaci\u00f3n general En el Hotel Playa San Crist\u00f3bal trabajamos para ofrecer la mejor experiencia a nuestros clientes. Esta pol\u00edtica regula las condiciones de cancelaci\u00f3n, modificaci\u00f3n y posibles reembolsos de las reservas realizadas a trav\u00e9s de nuestra web o por otros canales. Condiciones de cancelaci\u00f3n Las condiciones de cancelaci\u00f3n pueden variar en funci\u00f3n del tipo de&#8230;<\/p>\n","protected":false},"author":1,"featured_media":0,"parent":0,"menu_order":0,"comment_status":"closed","ping_status":"closed","template":"","meta":{"footnotes":""},"class_list":["post-15","page","type-page","status-publish","hentry"],"_links":{"self":[{"href":"https:\/\/www.playasancristobal.com\/index.php?rest_route=\/wp\/v2\/pages\/15","targetHints":{"allow":["GET"]}}],"collection":[{"href":"https:\/\/www.playasancristobal.com\/index.php?rest_route=\/wp\/v2\/pages"}],"about":[{"href":"https:\/\/www.playasancristobal.com\/index.php?rest_route=\/wp\/v2\/types\/page"}],"author":[{"embeddable":true,"href":"https:\/\/www.playasancristobal.com\/index.php?rest_route=\/wp\/v2\/users\/1"}],"replies":[{"embeddable":true,"href":"https:\/\/www.playasancristobal.com\/index.php?rest_route=%2Fwp%2Fv2%2Fcomments&post=15"}],"version-history":[{"count":1,"href":"https:\/\/www.playasancristobal.com\/index.php?rest_route=\/wp\/v2\/pages\/15\/revisions"}],"predecessor-version":[{"id":3932,"href":"https:\/\/www.playasancristobal.com\/index.php?rest_route=\/wp\/v2\/pages\/15\/revisions\/3932"}],"wp:attachment":[{"href":"https:\/\/www.playasancristobal.com\/index.php?rest_route=%2Fwp%2Fv2%2Fmedia&parent=15"}],"curies":[{"name":"wp","href":"https:\/\/api.w.org\/{rel}","templated":true}]}}