{"id":3,"date":"2026-04-16T13:08:48","date_gmt":"2026-04-16T11:08:48","guid":{"rendered":"https:\/\/www.playasancristobal.com\/?page_id=3"},"modified":"2026-04-21T14:00:52","modified_gmt":"2026-04-21T12:00:52","slug":"politica-privacidad","status":"publish","type":"page","link":"https:\/\/www.playasancristobal.com\/?page_id=3","title":{"rendered":"Pol\u00edtica de privacidad"},"content":{"rendered":"\n<h2 class=\"wp-block-heading\">1. Informaci\u00f3n general<\/h2>\n\n\n\n<p>En cumplimiento de lo dispuesto en la normativa vigente en materia de protecci\u00f3n de datos, te informamos de que los datos personales que nos facilites a trav\u00e9s del sitio web <strong><a href=\"https:\/\/www.playasancristobal.com\">https:\/\/www.playasancristobal.com<\/a><\/strong> ser\u00e1n tratados por:<\/p>\n\n\n\n<p><strong>Hotel Playa San Crist\u00f3bal<\/strong><br>Direcci\u00f3n: Plaza San Crist\u00f3bal, 5, Almu\u00f1\u00e9car (Granada)<br>Email: <a>info@playasancristobal.com<\/a><br>Tel\u00e9fono: (+34) 606 44 00 40<\/p>\n\n\n\n<h2 class=\"wp-block-heading\">2. Finalidad del tratamiento de los datos<\/h2>\n\n\n\n<p>Los datos personales que podamos recopilar a trav\u00e9s de la web ser\u00e1n utilizados para:<\/p>\n\n\n\n<ul class=\"wp-block-list\">\n<li>Gestionar consultas realizadas a trav\u00e9s de formularios de contacto<\/li>\n\n\n\n<li>Gestionar reservas o solicitudes de informaci\u00f3n<\/li>\n\n\n\n<li>Mejorar la experiencia del usuario en la web<\/li>\n\n\n\n<li>Cumplir con las obligaciones legales correspondientes<\/li>\n<\/ul>\n\n\n\n<h2 class=\"wp-block-heading\">3. Legitimaci\u00f3n<\/h2>\n\n\n\n<p>El tratamiento de tus datos se basa en:<\/p>\n\n\n\n<ul class=\"wp-block-list\">\n<li>Tu consentimiento al enviar formularios<\/li>\n\n\n\n<li>La ejecuci\u00f3n de un contrato o solicitud de servicios<\/li>\n\n\n\n<li>El cumplimiento de obligaciones legales<\/li>\n<\/ul>\n\n\n\n<h2 class=\"wp-block-heading\">4. Conservaci\u00f3n de los datos<\/h2>\n\n\n\n<p>Tus datos se conservar\u00e1n durante el tiempo necesario para cumplir con la finalidad para la que fueron recogidos y, posteriormente, durante los plazos legalmente establecidos.<\/p>\n\n\n\n<h2 class=\"wp-block-heading\">5. Cesi\u00f3n de datos<\/h2>\n\n\n\n<p>No se ceder\u00e1n datos a terceros, salvo obligaci\u00f3n legal o cuando sea necesario para la prestaci\u00f3n del servicio (por ejemplo, plataformas de reservas).<\/p>\n\n\n\n<h2 class=\"wp-block-heading\">6. Derechos del usuario<\/h2>\n\n\n\n<p>Como usuario, tienes derecho a: <\/p>\n\n\n\n<ul class=\"wp-block-list\">\n<li>Acceder a tus datos personales<\/li>\n\n\n\n<li>Solicitar la rectificaci\u00f3n de datos inexactos<\/li>\n\n\n\n<li>Solicitar su supresi\u00f3n cuando los datos ya no sean necesarios<\/li>\n\n\n\n<li>Limitar u oponerte a su tratamiento<\/li>\n\n\n\n<li>Solicitar la portabilidad de tus datos<\/li>\n<\/ul>\n\n\n\n<p>Puedes ejercer estos derechos enviando un correo a: info@playasancristobal.com<\/p>\n\n\n\n<p><\/p>\n\n\n\n<h2 class=\"wp-block-heading\">7. Cookies<\/h2>\n\n\n\n<p>Este sitio web utiliza cookies propias y de terceros para mejorar la experiencia de navegaci\u00f3n.<\/p>\n\n\n\n<p>Puedes consultar m\u00e1s informaci\u00f3n en nuestra <strong>Pol\u00edtica de Cookies<\/strong>.<\/p>\n\n\n\n<hr class=\"wp-block-separator has-alpha-channel-opacity\"\/>\n\n\n\n<h2 class=\"wp-block-heading\">8. Seguridad de los datos<\/h2>\n\n\n\n<p>El Hotel Playa San Crist\u00f3bal aplica las medidas de seguridad necesarias para garantizar la protecci\u00f3n de los datos personales de los usuarios.<\/p>\n\n\n\n<h2 class=\"wp-block-heading\">9. Cambios en la pol\u00edtica de privacidad<\/h2>\n\n\n\n<p>Nos reservamos el derecho a modificar la presente pol\u00edtica para adaptarla a novedades legislativas o cambios en el funcionamiento del sitio web.<\/p>\n\n\n\n<p><\/p>\n","protected":false},"excerpt":{"rendered":"<p>1. Informaci\u00f3n general En cumplimiento de lo dispuesto en la normativa vigente en materia de protecci\u00f3n de datos, te informamos de que los datos personales que nos facilites a trav\u00e9s del sitio web https:\/\/www.playasancristobal.com ser\u00e1n tratados por: Hotel Playa San Crist\u00f3balDirecci\u00f3n: Plaza San Crist\u00f3bal, 5, Almu\u00f1\u00e9car (Granada)Email: info@playasancristobal.comTel\u00e9fono: (+34) 606 44 00 40 2. Finalidad&#8230;<\/p>\n","protected":false},"author":1,"featured_media":0,"parent":0,"menu_order":0,"comment_status":"closed","ping_status":"open","template":"","meta":{"footnotes":""},"class_list":["post-3","page","type-page","status-publish","hentry"],"_links":{"self":[{"href":"https:\/\/www.playasancristobal.com\/index.php?rest_route=\/wp\/v2\/pages\/3","targetHints":{"allow":["GET"]}}],"collection":[{"href":"https:\/\/www.playasancristobal.com\/index.php?rest_route=\/wp\/v2\/pages"}],"about":[{"href":"https:\/\/www.playasancristobal.com\/index.php?rest_route=\/wp\/v2\/types\/page"}],"author":[{"embeddable":true,"href":"https:\/\/www.playasancristobal.com\/index.php?rest_route=\/wp\/v2\/users\/1"}],"replies":[{"embeddable":true,"href":"https:\/\/www.playasancristobal.com\/index.php?rest_route=%2Fwp%2Fv2%2Fcomments&post=3"}],"version-history":[{"count":1,"href":"https:\/\/www.playasancristobal.com\/index.php?rest_route=\/wp\/v2\/pages\/3\/revisions"}],"predecessor-version":[{"id":3931,"href":"https:\/\/www.playasancristobal.com\/index.php?rest_route=\/wp\/v2\/pages\/3\/revisions\/3931"}],"wp:attachment":[{"href":"https:\/\/www.playasancristobal.com\/index.php?rest_route=%2Fwp%2Fv2%2Fmedia&parent=3"}],"curies":[{"name":"wp","href":"https:\/\/api.w.org\/{rel}","templated":true}]}}