{"id":3860,"date":"2026-04-21T12:20:01","date_gmt":"2026-04-21T10:20:01","guid":{"rendered":"https:\/\/www.playasancristobal.com\/?page_id=3860"},"modified":"2026-04-21T13:04:27","modified_gmt":"2026-04-21T11:04:27","slug":"habitacion-doble-deluxe","status":"publish","type":"page","link":"https:\/\/www.playasancristobal.com\/?page_id=3860","title":{"rendered":"Habitaci\u00f3n doble deluxe"},"content":{"rendered":"\t\t<div data-elementor-type=\"wp-page\" data-elementor-id=\"3860\" class=\"elementor elementor-3860\">\n\t\t\t\t<div class=\"elementor-element elementor-element-af85c26 e-flex e-con-boxed easy-enable-jarallax-no e-con e-parent\" data-id=\"af85c26\" data-element_type=\"container\" data-e-type=\"container\">\n\t\t\t\t\t<div class=\"e-con-inner\">\n\t\t\t\t<div class=\"elementor-element elementor-element-b070a7a elementor-widget elementor-widget-html\" data-id=\"b070a7a\" data-element_type=\"widget\" data-e-type=\"widget\" data-widget_type=\"html.default\">\n\t\t\t\t\t<script\n  src=\"https:\/\/bookings.hotelgest.com\/widget.js\"\n  data-pcode=\"fa638a29-b6d2-11ed-89d5-52f2f8b50534\"\n><\/script>\t\t\t\t<\/div>\n\t\t\t\t\t<\/div>\n\t\t\t\t<\/div>\n\t\t<div class=\"elementor-element elementor-element-3d51ba9 e-flex e-con-boxed easy-enable-jarallax-no e-con e-parent\" data-id=\"3d51ba9\" data-element_type=\"container\" data-e-type=\"container\">\n\t\t\t\t\t<div class=\"e-con-inner\">\n\t\t<div class=\"elementor-element elementor-element-e9b26c0 e-con-full e-flex easy-enable-jarallax-no e-con e-child\" data-id=\"e9b26c0\" data-element_type=\"container\" data-e-type=\"container\" data-settings=\"{&quot;background_background&quot;:&quot;classic&quot;}\">\n\t\t<div class=\"elementor-element elementor-element-4e7cbfd e-con-full e-flex easy-enable-jarallax-no e-con e-child\" data-id=\"4e7cbfd\" data-element_type=\"container\" data-e-type=\"container\">\n\t\t\t\t<div class=\"elementor-element elementor-element-e6daed7 elementor-widget elementor-widget-eel-image-carousel\" data-id=\"e6daed7\" data-element_type=\"widget\" data-e-type=\"widget\" data-widget_type=\"eel-image-carousel.default\">\n\t\t\t\t<div class=\"elementor-widget-container\">\n\t\t\t\t\t        \r\n        <div id=\"swiper-1\" class=\"eel-image-carousel swiper eel-all-slider \" data-loop=\"true\" \r\n    data-autoplay=\"false\" \r\n    data-speed=\"900\" \r\n    data-centered-slides=\"false\" \r\n    data-autoplay-delay=\"3000\" \r\n    data-free-mode=\"false\" \r\n    data-slides-per-view=\"2\" \r\n    data-space-between=\"10\" \r\n    data-slides-per-view-tablet=\"2\" \r\n    data-slides-per-view-mobile=\"1\" \r\n    data-pagination=\"none\" \r\n    data-navigation=\"true\" \r\n    data-effect=\"slide\" \r\n    data-mousewheel=\"false\">\r\n            <div class=\"swiper-wrapper\">\r\n                                    <div class=\"swiper-slide\">\r\n                        <div class=\"eel--image-img none\">\r\n        \r\n            <img loading=\"lazy\" class=\"e-e-grid-img\"\r\n        src=\"https:\/\/www.playasancristobal.com\/wp-content\/uploads\/2026\/04\/Doble_superior1-1.png\"\r\n        width=\"1163\"\r\n        height=\"869\"\r\n        alt=\"Habitaci\u00f3n doble superior\"\r\n        title=\"Doble_superior1\"\r\n        loading=\"lazy\"\r\n        decoding=\"async\">\r\n\r\n        \r\n    \r\n    \r\n    <\/div>                           \r\n                    <\/div>\r\n                                    <div class=\"swiper-slide\">\r\n                        <div class=\"eel--image-img none\">\r\n        \r\n            <img loading=\"lazy\" class=\"e-e-grid-img\"\r\n        src=\"https:\/\/www.playasancristobal.com\/wp-content\/uploads\/2026\/04\/Doble_superior6-2.png\"\r\n        width=\"1150\"\r\n        height=\"863\"\r\n        alt=\"Habitaci\u00f3n doble superior\"\r\n        title=\"Doble_superior6\"\r\n        loading=\"lazy\"\r\n        decoding=\"async\">\r\n\r\n        \r\n    \r\n    \r\n    <\/div>                           \r\n                    <\/div>\r\n                                    <div class=\"swiper-slide\">\r\n                        <div class=\"eel--image-img none\">\r\n        \r\n            <img loading=\"lazy\" class=\"e-e-grid-img\"\r\n        src=\"https:\/\/www.playasancristobal.com\/wp-content\/uploads\/2026\/04\/Doble_superior5-1.png\"\r\n        width=\"1159\"\r\n        height=\"863\"\r\n        alt=\"Habitaci\u00f3n doble superior\"\r\n        title=\"Doble_superior5\"\r\n        loading=\"lazy\"\r\n        decoding=\"async\">\r\n\r\n        \r\n    \r\n    \r\n    <\/div>                           \r\n                    <\/div>\r\n                                    <div class=\"swiper-slide\">\r\n                        <div class=\"eel--image-img none\">\r\n        \r\n            <img loading=\"lazy\" class=\"e-e-grid-img\"\r\n        src=\"https:\/\/www.playasancristobal.com\/wp-content\/uploads\/2026\/04\/Doble_superior4-1.png\"\r\n        width=\"1158\"\r\n        height=\"860\"\r\n        alt=\"Habitaci\u00f3n doble superior\"\r\n        title=\"Doble_superior4\"\r\n        loading=\"lazy\"\r\n        decoding=\"async\">\r\n\r\n        \r\n    \r\n    \r\n    <\/div>                           \r\n                    <\/div>\r\n                                    <div class=\"swiper-slide\">\r\n                        <div class=\"eel--image-img none\">\r\n        \r\n            <img loading=\"lazy\" class=\"e-e-grid-img\"\r\n        src=\"https:\/\/www.playasancristobal.com\/wp-content\/uploads\/2026\/04\/Doble_estandar5-3.png\"\r\n        width=\"1156\"\r\n        height=\"865\"\r\n        alt=\"Habitaci\u00f3n doble superior\"\r\n        title=\"Doble_est\u00e1ndar5\"\r\n        loading=\"lazy\"\r\n        decoding=\"async\">\r\n\r\n        \r\n    \r\n    \r\n    <\/div>                           \r\n                    <\/div>\r\n                            <\/div>\r\n\r\n                    <\/div>\r\n        <div class=\"swiper-button-prev swiper-prev\"><\/div><div class=\"swiper-button-next swiper-next\"><\/div>        \t\t\t\t<\/div>\n\t\t\t\t<\/div>\n\t\t\t\t<\/div>\n\t\t<div class=\"elementor-element elementor-element-8fefa95 e-con-full e-flex easy-enable-jarallax-no e-con e-child\" data-id=\"8fefa95\" data-element_type=\"container\" data-e-type=\"container\">\n\t\t<div class=\"elementor-element elementor-element-0b51fe9 e-con-full e-flex easy-enable-jarallax-no e-con e-child\" data-id=\"0b51fe9\" data-element_type=\"container\" data-e-type=\"container\">\n\t\t\t\t<div class=\"elementor-element elementor-element-f2aa01b elementor-widget elementor-widget-heading\" data-id=\"f2aa01b\" data-element_type=\"widget\" data-e-type=\"widget\" data-widget_type=\"heading.default\">\n\t\t\t\t\t<h3 class=\"elementor-heading-title elementor-size-default\">Habitaci\u00f3n doble deluxe<\/h3>\t\t\t\t<\/div>\n\t\t\t\t<\/div>\n\t\t<div class=\"elementor-element elementor-element-27efdf8 e-con-full e-flex easy-enable-jarallax-no e-con e-child\" data-id=\"27efdf8\" data-element_type=\"container\" data-e-type=\"container\">\n\t\t\t\t<div class=\"elementor-element elementor-element-9b2142d elementor-position-left elementor-vertical-align-middle elementor-widget elementor-widget-image-box\" data-id=\"9b2142d\" data-element_type=\"widget\" data-e-type=\"widget\" data-widget_type=\"image-box.default\">\n\t\t\t\t\t<div class=\"elementor-image-box-wrapper\"><figure class=\"elementor-image-box-img\"><img fetchpriority=\"high\" decoding=\"async\" width=\"2500\" height=\"2500\" src=\"https:\/\/www.playasancristobal.com\/wp-content\/uploads\/2026\/01\/user-2.webp\" class=\"attachment-full size-full wp-image-1927\" alt=\"\" srcset=\"https:\/\/www.playasancristobal.com\/wp-content\/uploads\/2026\/01\/user-2.webp 2500w, https:\/\/www.playasancristobal.com\/wp-content\/uploads\/2026\/01\/user-2-300x300.webp 300w, https:\/\/www.playasancristobal.com\/wp-content\/uploads\/2026\/01\/user-2-100x100.webp 100w, https:\/\/www.playasancristobal.com\/wp-content\/uploads\/2026\/01\/user-2-600x600.webp 600w, https:\/\/www.playasancristobal.com\/wp-content\/uploads\/2026\/01\/user-2-1024x1024.webp 1024w, https:\/\/www.playasancristobal.com\/wp-content\/uploads\/2026\/01\/user-2-150x150.webp 150w, https:\/\/www.playasancristobal.com\/wp-content\/uploads\/2026\/01\/user-2-768x768.webp 768w, https:\/\/www.playasancristobal.com\/wp-content\/uploads\/2026\/01\/user-2-1536x1536.webp 1536w, https:\/\/www.playasancristobal.com\/wp-content\/uploads\/2026\/01\/user-2-2048x2048.webp 2048w, https:\/\/www.playasancristobal.com\/wp-content\/uploads\/2026\/01\/user-2-87x87.webp 87w, https:\/\/www.playasancristobal.com\/wp-content\/uploads\/2026\/01\/user-2-533x533.webp 533w\" sizes=\"(max-width: 2500px) 100vw, 2500px\" \/><\/figure><div class=\"elementor-image-box-content\"><h6 class=\"elementor-image-box-title\">2 personas m\u00e1x.<\/h6><\/div><\/div>\t\t\t\t<\/div>\n\t\t\t\t<div class=\"elementor-element elementor-element-97842ac elementor-position-left elementor-vertical-align-middle elementor-widget elementor-widget-image-box\" data-id=\"97842ac\" data-element_type=\"widget\" data-e-type=\"widget\" data-widget_type=\"image-box.default\">\n\t\t\t\t\t<div class=\"elementor-image-box-wrapper\"><figure class=\"elementor-image-box-img\"><img decoding=\"async\" width=\"512\" height=\"512\" src=\"https:\/\/www.playasancristobal.com\/wp-content\/uploads\/2026\/01\/floorplan-2.webp\" class=\"attachment-full size-full wp-image-1925\" alt=\"\" srcset=\"https:\/\/www.playasancristobal.com\/wp-content\/uploads\/2026\/01\/floorplan-2.webp 512w, https:\/\/www.playasancristobal.com\/wp-content\/uploads\/2026\/01\/floorplan-2-300x300.webp 300w, https:\/\/www.playasancristobal.com\/wp-content\/uploads\/2026\/01\/floorplan-2-100x100.webp 100w, https:\/\/www.playasancristobal.com\/wp-content\/uploads\/2026\/01\/floorplan-2-150x150.webp 150w, https:\/\/www.playasancristobal.com\/wp-content\/uploads\/2026\/01\/floorplan-2-87x87.webp 87w\" sizes=\"(max-width: 512px) 100vw, 512px\" \/><\/figure><div class=\"elementor-image-box-content\"><h6 class=\"elementor-image-box-title\">20 m\u00b2<\/h6><\/div><\/div>\t\t\t\t<\/div>\n\t\t\t\t<div class=\"elementor-element elementor-element-45484c8 elementor-position-left elementor-vertical-align-middle elementor-widget elementor-widget-image-box\" data-id=\"45484c8\" data-element_type=\"widget\" data-e-type=\"widget\" data-widget_type=\"image-box.default\">\n\t\t\t\t\t<div class=\"elementor-image-box-wrapper\"><figure class=\"elementor-image-box-img\"><img decoding=\"async\" width=\"512\" height=\"512\" src=\"https:\/\/www.playasancristobal.com\/wp-content\/uploads\/2026\/01\/bed-2.webp\" class=\"attachment-full size-full wp-image-1928\" alt=\"\" srcset=\"https:\/\/www.playasancristobal.com\/wp-content\/uploads\/2026\/01\/bed-2.webp 512w, https:\/\/www.playasancristobal.com\/wp-content\/uploads\/2026\/01\/bed-2-300x300.webp 300w, https:\/\/www.playasancristobal.com\/wp-content\/uploads\/2026\/01\/bed-2-100x100.webp 100w, https:\/\/www.playasancristobal.com\/wp-content\/uploads\/2026\/01\/bed-2-150x150.webp 150w, https:\/\/www.playasancristobal.com\/wp-content\/uploads\/2026\/01\/bed-2-87x87.webp 87w\" sizes=\"(max-width: 512px) 100vw, 512px\" \/><\/figure><div class=\"elementor-image-box-content\"><h6 class=\"elementor-image-box-title\">Cama de matrimonio<\/h6><\/div><\/div>\t\t\t\t<\/div>\n\t\t\t\t<div class=\"elementor-element elementor-element-f0e3cce elementor-position-left elementor-vertical-align-middle elementor-widget elementor-widget-image-box\" data-id=\"f0e3cce\" data-element_type=\"widget\" data-e-type=\"widget\" data-widget_type=\"image-box.default\">\n\t\t\t\t\t<div class=\"elementor-image-box-wrapper\"><figure class=\"elementor-image-box-img\"><img loading=\"lazy\" decoding=\"async\" width=\"512\" height=\"512\" src=\"https:\/\/www.playasancristobal.com\/wp-content\/uploads\/2026\/01\/view-2.webp\" class=\"attachment-full size-full wp-image-1926\" alt=\"\" srcset=\"https:\/\/www.playasancristobal.com\/wp-content\/uploads\/2026\/01\/view-2.webp 512w, https:\/\/www.playasancristobal.com\/wp-content\/uploads\/2026\/01\/view-2-300x300.webp 300w, https:\/\/www.playasancristobal.com\/wp-content\/uploads\/2026\/01\/view-2-100x100.webp 100w, https:\/\/www.playasancristobal.com\/wp-content\/uploads\/2026\/01\/view-2-150x150.webp 150w, https:\/\/www.playasancristobal.com\/wp-content\/uploads\/2026\/01\/view-2-87x87.webp 87w\" sizes=\"(max-width: 512px) 100vw, 512px\" \/><\/figure><div class=\"elementor-image-box-content\"><h6 class=\"elementor-image-box-title\">Terraza<\/h6><\/div><\/div>\t\t\t\t<\/div>\n\t\t\t\t<div class=\"elementor-element elementor-element-c8ccb23 elementor-widget elementor-widget-heading\" data-id=\"c8ccb23\" data-element_type=\"widget\" data-e-type=\"widget\" data-widget_type=\"heading.default\">\n\t\t\t\t\t<h2 class=\"elementor-heading-title elementor-size-default\">34,91\u20ac \/ noche<\/h2>\t\t\t\t<\/div>\n\t\t\t\t<\/div>\n\t\t\t\t<\/div>\n\t\t<div class=\"elementor-element elementor-element-cf0df71 e-con-full e-flex easy-enable-jarallax-no e-con e-child\" data-id=\"cf0df71\" data-element_type=\"container\" data-e-type=\"container\">\n\t\t<div class=\"elementor-element elementor-element-10c1ea0 e-con-full e-flex easy-enable-jarallax-no e-con e-child\" data-id=\"10c1ea0\" data-element_type=\"container\" data-e-type=\"container\">\n\t\t\t\t<div class=\"elementor-element elementor-element-ca626e2 elementor-widget elementor-widget-text-editor\" data-id=\"ca626e2\" data-element_type=\"widget\" data-e-type=\"widget\" data-widget_type=\"text-editor.default\">\n\t\t\t\t\t\t\t\t\t<p>Nuestra habitaci\u00f3n doble deluxe combina amplitud, dise\u00f1o y vistas privilegiadas para una experiencia superior en Almu\u00f1\u00e9car. Pensada para quienes desean disfrutar de un hotel en primera l\u00ednea de playa de San Crist\u00f3bal, ofrece un entorno elegante y relajante perfecto para desconectar y vivir una estancia inolvidable junto al mar.<\/p>\t\t\t\t\t\t\t\t<\/div>\n\t\t\t\t<\/div>\n\t\t<div class=\"elementor-element elementor-element-d45ce33 e-con-full e-flex easy-enable-jarallax-no e-con e-child\" data-id=\"d45ce33\" data-element_type=\"container\" data-e-type=\"container\">\n\t\t\t\t<div class=\"elementor-element elementor-element-a6593ff elementor-widget__width-initial elementor-icon-list--layout-traditional elementor-list-item-link-full_width elementor-widget elementor-widget-icon-list\" data-id=\"a6593ff\" data-element_type=\"widget\" data-e-type=\"widget\" data-widget_type=\"icon-list.default\">\n\t\t\t\t\t\t\t<ul class=\"elementor-icon-list-items\">\n\t\t\t\t\t\t\t<li class=\"elementor-icon-list-item\">\n\t\t\t\t\t\t\t\t\t\t\t<span class=\"elementor-icon-list-icon\">\n\t\t\t\t\t\t\t<svg aria-hidden=\"true\" class=\"e-font-icon-svg e-fas-check\" viewBox=\"0 0 512 512\" xmlns=\"http:\/\/www.w3.org\/2000\/svg\"><path d=\"M173.898 439.404l-166.4-166.4c-9.997-9.997-9.997-26.206 0-36.204l36.203-36.204c9.997-9.998 26.207-9.998 36.204 0L192 312.69 432.095 72.596c9.997-9.997 26.207-9.997 36.204 0l36.203 36.204c9.997 9.997 9.997 26.206 0 36.204l-294.4 294.401c-9.998 9.997-26.207 9.997-36.204-.001z\"><\/path><\/svg>\t\t\t\t\t\t<\/span>\n\t\t\t\t\t\t\t\t\t\t<span class=\"elementor-icon-list-text\">Wi-Fi gratuito<\/span>\n\t\t\t\t\t\t\t\t\t<\/li>\n\t\t\t\t\t\t\t\t<li class=\"elementor-icon-list-item\">\n\t\t\t\t\t\t\t\t\t\t\t<span class=\"elementor-icon-list-icon\">\n\t\t\t\t\t\t\t<svg aria-hidden=\"true\" class=\"e-font-icon-svg e-fas-check\" viewBox=\"0 0 512 512\" xmlns=\"http:\/\/www.w3.org\/2000\/svg\"><path d=\"M173.898 439.404l-166.4-166.4c-9.997-9.997-9.997-26.206 0-36.204l36.203-36.204c9.997-9.998 26.207-9.998 36.204 0L192 312.69 432.095 72.596c9.997-9.997 26.207-9.997 36.204 0l36.203 36.204c9.997 9.997 9.997 26.206 0 36.204l-294.4 294.401c-9.998 9.997-26.207 9.997-36.204-.001z\"><\/path><\/svg>\t\t\t\t\t\t<\/span>\n\t\t\t\t\t\t\t\t\t\t<span class=\"elementor-icon-list-text\">Smart TV<\/span>\n\t\t\t\t\t\t\t\t\t<\/li>\n\t\t\t\t\t\t\t\t<li class=\"elementor-icon-list-item\">\n\t\t\t\t\t\t\t\t\t\t\t<span class=\"elementor-icon-list-icon\">\n\t\t\t\t\t\t\t<svg aria-hidden=\"true\" class=\"e-font-icon-svg e-fas-check\" viewBox=\"0 0 512 512\" xmlns=\"http:\/\/www.w3.org\/2000\/svg\"><path d=\"M173.898 439.404l-166.4-166.4c-9.997-9.997-9.997-26.206 0-36.204l36.203-36.204c9.997-9.998 26.207-9.998 36.204 0L192 312.69 432.095 72.596c9.997-9.997 26.207-9.997 36.204 0l36.203 36.204c9.997 9.997 9.997 26.206 0 36.204l-294.4 294.401c-9.998 9.997-26.207 9.997-36.204-.001z\"><\/path><\/svg>\t\t\t\t\t\t<\/span>\n\t\t\t\t\t\t\t\t\t\t<span class=\"elementor-icon-list-text\">Terraza<\/span>\n\t\t\t\t\t\t\t\t\t<\/li>\n\t\t\t\t\t\t\t\t<li class=\"elementor-icon-list-item\">\n\t\t\t\t\t\t\t\t\t\t\t<span class=\"elementor-icon-list-icon\">\n\t\t\t\t\t\t\t<svg aria-hidden=\"true\" class=\"e-font-icon-svg e-fas-check\" viewBox=\"0 0 512 512\" xmlns=\"http:\/\/www.w3.org\/2000\/svg\"><path d=\"M173.898 439.404l-166.4-166.4c-9.997-9.997-9.997-26.206 0-36.204l36.203-36.204c9.997-9.998 26.207-9.998 36.204 0L192 312.69 432.095 72.596c9.997-9.997 26.207-9.997 36.204 0l36.203 36.204c9.997 9.997 9.997 26.206 0 36.204l-294.4 294.401c-9.998 9.997-26.207 9.997-36.204-.001z\"><\/path><\/svg>\t\t\t\t\t\t<\/span>\n\t\t\t\t\t\t\t\t\t\t<span class=\"elementor-icon-list-text\">Bar \/ restaurante<\/span>\n\t\t\t\t\t\t\t\t\t<\/li>\n\t\t\t\t\t\t\t\t<li class=\"elementor-icon-list-item\">\n\t\t\t\t\t\t\t\t\t\t\t<span class=\"elementor-icon-list-icon\">\n\t\t\t\t\t\t\t<svg aria-hidden=\"true\" class=\"e-font-icon-svg e-fas-check\" viewBox=\"0 0 512 512\" xmlns=\"http:\/\/www.w3.org\/2000\/svg\"><path d=\"M173.898 439.404l-166.4-166.4c-9.997-9.997-9.997-26.206 0-36.204l36.203-36.204c9.997-9.998 26.207-9.998 36.204 0L192 312.69 432.095 72.596c9.997-9.997 26.207-9.997 36.204 0l36.203 36.204c9.997 9.997 9.997 26.206 0 36.204l-294.4 294.401c-9.998 9.997-26.207 9.997-36.204-.001z\"><\/path><\/svg>\t\t\t\t\t\t<\/span>\n\t\t\t\t\t\t\t\t\t\t<span class=\"elementor-icon-list-text\">Ba\u00f1o privado<\/span>\n\t\t\t\t\t\t\t\t\t<\/li>\n\t\t\t\t\t\t<\/ul>\n\t\t\t\t\t\t<\/div>\n\t\t\t\t<div class=\"elementor-element elementor-element-72079e0 elementor-widget__width-initial elementor-icon-list--layout-traditional elementor-list-item-link-full_width elementor-widget elementor-widget-icon-list\" data-id=\"72079e0\" data-element_type=\"widget\" data-e-type=\"widget\" data-widget_type=\"icon-list.default\">\n\t\t\t\t\t\t\t<ul class=\"elementor-icon-list-items\">\n\t\t\t\t\t\t\t<li class=\"elementor-icon-list-item\">\n\t\t\t\t\t\t\t\t\t\t\t<span class=\"elementor-icon-list-icon\">\n\t\t\t\t\t\t\t<svg aria-hidden=\"true\" class=\"e-font-icon-svg e-fas-check\" viewBox=\"0 0 512 512\" xmlns=\"http:\/\/www.w3.org\/2000\/svg\"><path d=\"M173.898 439.404l-166.4-166.4c-9.997-9.997-9.997-26.206 0-36.204l36.203-36.204c9.997-9.998 26.207-9.998 36.204 0L192 312.69 432.095 72.596c9.997-9.997 26.207-9.997 36.204 0l36.203 36.204c9.997 9.997 9.997 26.206 0 36.204l-294.4 294.401c-9.998 9.997-26.207 9.997-36.204-.001z\"><\/path><\/svg>\t\t\t\t\t\t<\/span>\n\t\t\t\t\t\t\t\t\t\t<span class=\"elementor-icon-list-text\">Cama de matrimonio<\/span>\n\t\t\t\t\t\t\t\t\t<\/li>\n\t\t\t\t\t\t\t\t<li class=\"elementor-icon-list-item\">\n\t\t\t\t\t\t\t\t\t\t\t<span class=\"elementor-icon-list-icon\">\n\t\t\t\t\t\t\t<svg aria-hidden=\"true\" class=\"e-font-icon-svg e-fas-check\" viewBox=\"0 0 512 512\" xmlns=\"http:\/\/www.w3.org\/2000\/svg\"><path d=\"M173.898 439.404l-166.4-166.4c-9.997-9.997-9.997-26.206 0-36.204l36.203-36.204c9.997-9.998 26.207-9.998 36.204 0L192 312.69 432.095 72.596c9.997-9.997 26.207-9.997 36.204 0l36.203 36.204c9.997 9.997 9.997 26.206 0 36.204l-294.4 294.401c-9.998 9.997-26.207 9.997-36.204-.001z\"><\/path><\/svg>\t\t\t\t\t\t<\/span>\n\t\t\t\t\t\t\t\t\t\t<span class=\"elementor-icon-list-text\">Parking privado con sumplemento<\/span>\n\t\t\t\t\t\t\t\t\t<\/li>\n\t\t\t\t\t\t\t\t<li class=\"elementor-icon-list-item\">\n\t\t\t\t\t\t\t\t\t\t\t<span class=\"elementor-icon-list-icon\">\n\t\t\t\t\t\t\t<svg aria-hidden=\"true\" class=\"e-font-icon-svg e-fas-check\" viewBox=\"0 0 512 512\" xmlns=\"http:\/\/www.w3.org\/2000\/svg\"><path d=\"M173.898 439.404l-166.4-166.4c-9.997-9.997-9.997-26.206 0-36.204l36.203-36.204c9.997-9.998 26.207-9.998 36.204 0L192 312.69 432.095 72.596c9.997-9.997 26.207-9.997 36.204 0l36.203 36.204c9.997 9.997 9.997 26.206 0 36.204l-294.4 294.401c-9.998 9.997-26.207 9.997-36.204-.001z\"><\/path><\/svg>\t\t\t\t\t\t<\/span>\n\t\t\t\t\t\t\t\t\t\t<span class=\"elementor-icon-list-text\">Aire acondicionado<\/span>\n\t\t\t\t\t\t\t\t\t<\/li>\n\t\t\t\t\t\t\t\t<li class=\"elementor-icon-list-item\">\n\t\t\t\t\t\t\t\t\t\t\t<span class=\"elementor-icon-list-icon\">\n\t\t\t\t\t\t\t<svg aria-hidden=\"true\" class=\"e-font-icon-svg e-fas-check\" viewBox=\"0 0 512 512\" xmlns=\"http:\/\/www.w3.org\/2000\/svg\"><path d=\"M173.898 439.404l-166.4-166.4c-9.997-9.997-9.997-26.206 0-36.204l36.203-36.204c9.997-9.998 26.207-9.998 36.204 0L192 312.69 432.095 72.596c9.997-9.997 26.207-9.997 36.204 0l36.203 36.204c9.997 9.997 9.997 26.206 0 36.204l-294.4 294.401c-9.998 9.997-26.207 9.997-36.204-.001z\"><\/path><\/svg>\t\t\t\t\t\t<\/span>\n\t\t\t\t\t\t\t\t\t\t<span class=\"elementor-icon-list-text\">Situado frente a la playa<\/span>\n\t\t\t\t\t\t\t\t\t<\/li>\n\t\t\t\t\t\t<\/ul>\n\t\t\t\t\t\t<\/div>\n\t\t\t\t<\/div>\n\t\t\t\t<\/div>\n\t\t\t\t<\/div>\n\t\t\t\t\t<\/div>\n\t\t\t\t<\/div>\n\t\t\t\t<\/div>\n\t\t","protected":false},"excerpt":{"rendered":"<p>Habitaci\u00f3n doble deluxe 2 personas m\u00e1x. 20 m\u00b2 Cama de matrimonio Terraza 34,91\u20ac \/ noche Nuestra habitaci\u00f3n doble deluxe combina amplitud, dise\u00f1o y vistas privilegiadas para una experiencia superior en Almu\u00f1\u00e9car. Pensada para quienes desean disfrutar de un hotel en primera l\u00ednea de playa de San Crist\u00f3bal, ofrece un entorno elegante y relajante perfecto para&#8230;<\/p>\n","protected":false},"author":1,"featured_media":0,"parent":0,"menu_order":0,"comment_status":"closed","ping_status":"closed","template":"elementor_header_footer","meta":{"footnotes":""},"class_list":["post-3860","page","type-page","status-publish","hentry"],"_links":{"self":[{"href":"https:\/\/www.playasancristobal.com\/index.php?rest_route=\/wp\/v2\/pages\/3860","targetHints":{"allow":["GET"]}}],"collection":[{"href":"https:\/\/www.playasancristobal.com\/index.php?rest_route=\/wp\/v2\/pages"}],"about":[{"href":"https:\/\/www.playasancristobal.com\/index.php?rest_route=\/wp\/v2\/types\/page"}],"author":[{"embeddable":true,"href":"https:\/\/www.playasancristobal.com\/index.php?rest_route=\/wp\/v2\/users\/1"}],"replies":[{"embeddable":true,"href":"https:\/\/www.playasancristobal.com\/index.php?rest_route=%2Fwp%2Fv2%2Fcomments&post=3860"}],"version-history":[{"count":11,"href":"https:\/\/www.playasancristobal.com\/index.php?rest_route=\/wp\/v2\/pages\/3860\/revisions"}],"predecessor-version":[{"id":3911,"href":"https:\/\/www.playasancristobal.com\/index.php?rest_route=\/wp\/v2\/pages\/3860\/revisions\/3911"}],"wp:attachment":[{"href":"https:\/\/www.playasancristobal.com\/index.php?rest_route=%2Fwp%2Fv2%2Fmedia&parent=3860"}],"curies":[{"name":"wp","href":"https:\/\/api.w.org\/{rel}","templated":true}]}}